{"id":1499,"date":"2021-10-12T09:19:47","date_gmt":"2021-10-12T06:19:47","guid":{"rendered":"https:\/\/loorenlabel.com\/sales-terms-and-conditions\/"},"modified":"2022-10-11T15:21:49","modified_gmt":"2022-10-11T12:21:49","slug":"sales-terms-and-conditions","status":"publish","type":"page","link":"https:\/\/loorenlabel.com\/en\/sales-terms-and-conditions\/","title":{"rendered":"Sales terms and conditions"},"content":{"rendered":"\t<section class=\"section\" id=\"section_1914940937\">\n\t\t<div class=\"bg section-bg fill bg-fill  bg-loaded\" >\n\n\t\t\t\n\t\t\t\n\t\t\t\n\n\t\t<\/div>\n\n\t\t\n\n\t\t<div class=\"section-content relative\">\n\t\t\t\n<b>1.1 M\u00fc\u00fcgilepingu kehtivus<\/b><\/p>\n<p><span style=\"font-weight: 400;\">1.1. M\u00fc\u00fcgitingimused kehtivad loorenlabel.com veebipoest ostja (edaspidi Tarbija) ja ettev\u00f5tja LOOREN O\u00dc (edaspidi Veebipood loorenlabel.com) vahel kaupade ja teenuste ostmisel.<\/span><\/p>\n<p><span style=\"font-weight: 400;\">1.2. Lisaks k\u00e4esolevatele tingimustele reguleerivad loorenlabel.com veebipoest toodete ostmisel tekkivaid \u00f5igussuhteid Eesti Vabariigis kehtivad v\u00f5la\u00f5igusseadus (edaspidi V\u00d5S), tarbijakaitseseadus (edaspidi TKS) ja teised \u00f5igusaktid.<\/span><\/p>\n<p><span style=\"font-weight: 400;\">1.3 Veebipood loorenlabel.com j\u00e4tab endale \u00f5iguse teha m\u00fc\u00fcgitingimustes muudatusi. Nimetatud muudatusi kajastatakse veebilehel loorenlabel.com<\/span><\/p>\n<p><span style=\"font-weight: 400;\">1.4 Ostja ja Looren O\u00fc vahelised vaidlused tellimuste osas lahendatakse l\u00e4bir\u00e4\u00e4kimiste teel. Kui osapoolte vahelist kokkulepet ei saavutata, v\u00f5etakse \u00fchendust Tarbijakaitseametiga v\u00f5i Tallinna Linnakohtuga. Erimeelsuste lahendamine on koosk\u00f5las Eesti Vabariigis kehtivate seadustega.<\/span><\/p>\n<ol start=\"2\">\n<li><b> Tellimuse vormistamine<\/b><\/li>\n<\/ol>\n<p><span style=\"font-weight: 400;\">2.1 Valige e-poest toode, mida soovite tellida. K\u00f5ik valitud tooted lisatakse automaatselt ostukorvi. Ostukorvi lisamine ei kohusta Klienti ostma. Samuti ei broneeri ostukorvi lisamine toodet \u2013 kuni tellimuse kinnitamiseni on see saadaval ka teistele samal ajal veebilehel olevatele Klientidele.<\/span><\/p>\n<p><span style=\"font-weight: 400;\">2.2 Teave kauba kohta on esitatud Veebipoes vahetult kauba juures.<\/span><\/p>\n<p><span style=\"font-weight: 400;\">2.3 Avades oma ostukorv on Teil v\u00f5imalik enne tellimuse saatmist muuta toote kogust v\u00f5i soovi korral toode ostukorvist eemaldada. T\u00e4itke andmete ja tellimuse kinnituse lehek\u00fcljel olevad lahtrid t\u00e4helepanelikult, sest esitatud informatsiooni t\u00e4psusest ja \u00f5igsusest s\u00f5ltub Teie ostetud toodete kiire ja t\u00f5rgeteta kohaletoimetamine ning hilisem vaidluste ja pretensioonide lahendamine.<\/span><\/p>\n<p><span style=\"font-weight: 400;\">2.4 Tellimuse vormistamise lehel t\u00e4itke n\u00f5utud andmev\u00e4ljad, valige teile sobiv toodete kohaletoimetamise viis ja makseviis ning vajutage lingile \u201eTellimuse \u00fclevaade\u02ee. Valides makseviisiks \u201cMaksekeskus\u201d<\/span><\/p>\n<p><span style=\"font-weight: 400;\">2.5 K\u00f5ik * (t\u00e4rniga) t\u00e4histatud v\u00e4ljad on kohustuslikud t\u00e4ita.<\/span><\/p>\n<ol start=\"3\">\n<li><b> Hinnad ja maksmine<\/b><\/li>\n<\/ol>\n<p><span style=\"font-weight: 400;\">3.1 K\u00f5ik hinnad veebilehel <\/span><span style=\"font-weight: 400;\">loorenlabel.com\/pood<\/span><span style=\"font-weight: 400;\"> on toodud eurodes ning sisaldavad k\u00e4ibemaksu (VAT 20%).<\/span><\/p>\n<p><span style=\"font-weight: 400;\">3.2. Veebikeskkonnas (e-poes) sooritatud ostude eest tasub Klient 100% ettemaksuna.<\/span><\/p>\n<p><span style=\"font-weight: 400;\">3.3 Peale soovitud toote ostukorvi lisamist saate valida eelistatud makseviisi.<\/span><\/p>\n<p><span style=\"font-weight: 400;\">3.4 Toodete eest saate maksta j\u00e4rgmistel viisidel:<\/span><\/p>\n<ol>\n<li style=\"font-weight: 400;\" aria-level=\"1\"><span style=\"font-weight: 400;\">1) Internetipank (Swedbank, SEB, Luminor, LHV, Coop Pank, Pocopay)<\/span><\/li>\n<li style=\"font-weight: 400;\" aria-level=\"1\"><span style=\"font-weight: 400;\">2) Mastercard- ja Visa krediitkaart.<\/span><\/li>\n<\/ol>\n<p><span style=\"font-weight: 400;\">3.5. Peale tellimuse esitamist ja kauba eest tasumist saadetakse Kliendile e-posti teel tellimuse kinnitus<\/span><\/p>\n<p><span style=\"font-weight: 400;\">NB! Pangalingiga tasumisel vajutada kindlasti panga lehel nupule \u201eTagasi kaupmehe <\/span><span style=\"font-weight: 400;\">juurde\u201c.<\/span><\/p>\n<ol start=\"4\">\n<li><b> M\u00fc\u00fcgilepingu j\u00f5ustumine<\/b><\/li>\n<\/ol>\n<p><span style=\"font-weight: 400;\">4.1 Kauba m\u00fc\u00fcgilepinguga kohustub veebipood loorenlabel.com andma Tarbijale \u00fcle olemasoleva, valmistatava v\u00f5i veebipood loorenlabel.com poolt tulevikus omandatava Kauba ning tegema v\u00f5imalikuks omandi \u00fclemineku Tarbijale. Tarbija aga kohustub veebipood loorenlabel.com tasuma Kauba eest esitatud arvel n\u00e4idatud summa ja v\u00f5tma Kauba vastu.<\/span><\/p>\n<p><span style=\"font-weight: 400;\">4.2. Tellimused, mille eest ei ole tasutud, annulleeritakse 3 p\u00e4eva m\u00f6\u00f6dudes alates tellimuse vormistamisest.<\/span><\/p>\n<p><span style=\"font-weight: 400;\">4.3. M\u00fc\u00fcgileping j\u00f5ustub p\u00e4rast Tarbija tehtud makse laekumist Veebipoe pangakontole.<\/span><\/p>\n<p><span style=\"font-weight: 400;\">4.4. Looren O\u00dc edastab maksete teostamiseks vajalikud isikuandmed volitatud t\u00f6\u00f6tleja Maksekeskus AS-ile<\/span><\/p>\n<ol start=\"5\">\n<li><b> Kohaletoimetamine ja transport<\/b><\/li>\n<\/ol>\n<p><span style=\"font-weight: 400;\">5.1 P\u00e4rast m\u00fc\u00fcgilepingu j\u00f5ustumist komplekteerib veebipood loorenlabel.com tellimuse ning annab selle kohaletoimetamiseks \u00fcle ettev\u00f5tte logistika partneritele (Omniva, Smartpost v\u00f5i DPD kuller). Kauba kohaletoomine toimub tavap\u00e4raselt 1-3 t\u00f6\u00f6p\u00e4eva jooksul.\u00a0<\/span><\/p>\n<p><span style=\"font-weight: 400;\">5.2 Tooted pannakse Teie poole teele mitte hiljem kui 10-e t\u00f6\u00f6p\u00e4eva jooksul peale kogumakse k\u00e4ttesaamist.\u00a0<\/span><\/p>\n<p><span style=\"font-weight: 400;\">5.3 Veebipoes sooritatud tellimusi k\u00e4sitletakse t\u00f6\u00f6p\u00e4evadel (E\u2212R 9.00\u221217.00). Kui tellimus esitatakse reedel p\u00e4rast kella 17, vormistatakse tellimus j\u00e4rgneval esmasp\u00e4eval.<\/span><\/p>\n<p><span style=\"font-weight: 400;\">5.4 Eesti piires on kohaletoimetamine tasuta.<\/span><\/p>\n<p><span style=\"font-weight: 400;\">5.5 Toote tagastamisel peab Tarbija saatmiskulud h\u00fcvitama.<\/span><\/p>\n<p><span style=\"font-weight: 400;\">5.6 Viivituseta kohaletoimetamiseks tuleb olla hoolikas ning tellimuse vormistamisel esitada kohaletoimetamise andmete sisestamisel t\u00f5ele vastavad ning kehtivad andmed.<\/span><\/p>\n<p><span style=\"font-weight: 400;\">5.7 Kui tellitud kaupa ei ole v\u00f5imalik tarnida seoses kauba l\u00f5ppemisega, siis teavitab Kaupleja sellest Tarbijat ning tagastab tasutud raha (sh kauba \u00fcleandmise kulud) viivitamata, kuid mitte hiljem kui 3 t\u00f6\u00f6p\u00e4eva jooksul teate saamisest.<\/span><\/p>\n<p><span style=\"font-weight: 400;\">5.8. Juhul kui toode saab kahjustada kohaletoimetamise k\u00e4igus, on Tarbijal \u00f5igus veebipood loorenlabel.com sellest teavitada ning edasi selgitab kahju tagamaid veebipood oma logistika partneriga.<\/span><\/p>\n<p><span style=\"font-weight: 400;\">5.9 Taganemis\u00f5igus ei kohaldu, kui ostjaks on juriidiline isik.<\/span><\/p>\n<ol start=\"6\">\n<li><b> Taganemis\u00f5igus<\/b><\/li>\n<\/ol>\n<p><span style=\"font-weight: 400;\">6.1. Teil on \u00f5igus tellimus t\u00fchistada peale makse sooritamist kuid enne toote posti panekut, saates e-kirja Looren O\u00dc meiliaadressile: <\/span><a href=\"mailto:hello@loorenlabel.com\"><span style=\"font-weight: 400;\">hello@loorenlabel.com<\/span><\/a><span style=\"font-weight: 400;\"> v\u00f5i helistades Looren O\u00dc telefoninumbrile: +372 56505413. Saates e-kirja, palume lisada tellimuse number ning tellimuse makseinfo.<\/span><\/p>\n<p><span style=\"font-weight: 400;\">6.2 P\u00e4rast tellimuse k\u00e4ttesaamist on ostjal \u00f5igus e-poes s\u00f5lmitud lepingust taganeda 14 p\u00e4eva jooksul.\u00a0<\/span><\/p>\n<p><span style=\"font-weight: 400;\">6.3 14-p\u00e4evase tagastamis\u00f5iguse kasutamiseks ei tohi tellitud kaupa kasutada muul viisil kui on vajalik kauba olemuses, omadustes ja toimimises veendumiseks viisil nagu see on lubatud kauba testimiseks f\u00fc\u00fcsilises poes. Kui kaupa on kasutatud muuks otstarbeks kui on vajalik kauba olemuses, omadustes ja toimimises veendumiseks v\u00f5i sellel on kasutamise v\u00f5i kulumise m\u00e4rke, on Veebipoel \u00f5igus alandada tagastatavat tasu vastavalt kauba v\u00e4\u00e4rtuse v\u00e4henemisele. Vastav teade kompenseerimisele kuuluva summa kohta saadetakse Teile meilile. Juhul kui Te ei n\u00f5ustu toote kahjun\u00f5udega, on Teil \u00f5igus kaasata kahju m\u00e4\u00e4rav ekspert. Eksperdi peale minev kulu jagatakse Teie ja Looren O\u00dc vahel pooleks, v\u00e4lja arvatud juhul, kui \u00fche osapoole n\u00f5ue t\u00f5estatakse alusetu olevat. Sellisel juhul katab eksperdi peale mineva kulu see osapool, kelle n\u00f5ue t\u00f5estati olevat alusetu.<\/span><\/p>\n<p><span style=\"font-weight: 400;\">6.4 Kauba tagastamiseks v\u00f5i suuruse vahetamiseks tuleb esitada kauba ostmisest taganemise avaldus, mille vormi leiab siit: <\/span><a href=\"https:\/\/egmont.ee\/wp-content\/uploads\/2021\/03\/Lepingust-taganemise-tuupvorm.docx\"><span style=\"font-weight: 400;\">taganemisavaldus <\/span><\/a><span style=\"font-weight: 400;\">ning saata see e-posti aadressile <\/span><a href=\"mailto:hello@loorenlabel.com\"><span style=\"font-weight: 400;\">hello@loorenlabel.com<\/span><\/a><span style=\"font-weight: 400;\"> hiljemalt 14 p\u00e4eva jooksul kauba k\u00e4ttesaamisest.\u00a0<\/span><\/p>\n<p><span style=\"font-weight: 400;\">6.5 Kui Ettev\u00f5tjale tagastatud toodet ei ole v\u00f5imalik v\u00e4lja vahetada Kliendi soovitud suuruse puudumise t\u00f5ttu, v\u00f5tab Ettev\u00f5tja Kliendiga \u00fchendust.<\/span><\/p>\n<p><span style=\"font-weight: 400;\">6.6 Kauba tagastamise kulud kannab ostja, v\u00e4lja arvatud juhul, kui tagastamise p\u00f5hjus seisneb asjaolus, et tagastamisele kuuluv asi ei vasta tellitule (nt vale v\u00f5i defektiga asi). Ostja peab kauba tagastama avalduse esitamisele j\u00e4rgneva 14 p\u00e4eva jooksul v\u00f5i esitama t\u00f5endi, et ta on eelnimetatud perioodi jooksul kauba \u00fcle andnud kauba vedajale.\u00a0<\/span><\/p>\n<p><span style=\"font-weight: 400;\">6.7 Veebipood tagastab tagastatava kauba k\u00e4ttesaamisel ostjale viivitamata, kuid mitte hiljem kui 14 p\u00e4eva m\u00f6\u00f6dumisel arvates taganemisavalduse saamisest, k\u00f5ik ostjalt lepingu alusel saadud tasud.\u00a0<\/span><\/p>\n<p><span style=\"font-weight: 400;\">6.8 Veebipood v\u00f5ib keelduda tagasimaksete tegemisest seni, kuni on lepingu esemeks oleva asja tagasi saanud v\u00f5i kuni ostja on esitanud t\u00f5endid, et on asja tagasi saatnud, s\u00f5ltuvalt sellest, kumb toimub varem.\u00a0<\/span><\/p>\n<p><span style=\"font-weight: 400;\">6.9 Veebipoel on \u00f5igus taganeda m\u00fc\u00fcgitehingust ning n\u00f5uda ostjalt tagasi kaup, kui kauba hind veebipoes on eksituse t\u00f5ttu m\u00e4rgitud oluliselt alla kauba turuhinna.<\/span><\/p>\n<ol start=\"7\">\n<li><b> Pretensiooni esitamise \u00f5igus<\/b><\/li>\n<\/ol>\n<p><span style=\"font-weight: 400;\">7.1 Veebipood vastutab ostjale m\u00fc\u00fcdud kauba lepingutingimustele mittevastavuse v\u00f5i puuduse eest, mis oli olemas juba asja \u00fcleandmise hetkel ning mis ilmneb kuni kahe aasta jooksul, alates kauba \u00fcleandmisest ostjale.\u00a0<\/span><\/p>\n<p><span style=\"font-weight: 400;\">7.2. K\u00f5ik pretensioonid vaadatakse l\u00e4bi ja Tarbijaga v\u00f5etakse \u00fchendust esimesel v\u00f5imalusel, kuid mitte hiljem kui 14 p\u00e4eva jooksul alates pretensiooni k\u00e4ttesaamisest.<\/span><\/p>\n<p><span style=\"font-weight: 400;\">7.3. Kaubal puuduse ilmnemisel palume l\u00f5petada kauba kasutamise.<\/span><\/p>\n<p><span style=\"font-weight: 400;\">7.4. Puudusega kauba parandamise v\u00f5i asendamise lepivad veebipood loorenlabel.com\u00a0 ja Tarbija omavahel kokku. Parandamise kulud katab Looren O\u00fc.<\/span><\/p>\n<p><span style=\"font-weight: 400;\">7.5 Toote n\u00f5uetele mittevastavuse v\u00f5i puuduse korral on Kliendil \u00f5igus n\u00f5uda toote parandamist v\u00f5i asendamist n\u00f5uetele vastava ja puudusteta toote vastu v\u00f5i tagastada toode Ettev\u00f5tja kulul.<\/span><\/p>\n<p><span style=\"font-weight: 400;\">Kliendil on \u00f5igus n\u00f5uda toote ostuhinna alandamist v\u00f5i lepingu l\u00f5petamist ning toote eest tasutud summade tagasin\u00f5udmist, kui:<\/span><\/p>\n<ul>\n<li><span style=\"font-weight: 400;\">Ettev\u00f5tjal ei ole v\u00f5imalik toodet parandada v\u00f5i asendada v\u00f5i<\/span><\/li>\n<li><span style=\"font-weight: 400;\">toote parandamine v\u00f5i asendamine eba\u00f5nnestub v\u00f5i<\/span><\/li>\n<li><span style=\"font-weight: 400;\">Ettev\u00f5tja ei ole toote puudust m\u00f5istliku aja jooksul k\u00f5rvaldanud v\u00f5i<\/span><\/li>\n<li><span style=\"font-weight: 400;\">Kliendile tekitatakse p\u00f5hjendamatuid ebamugavusi.<\/span><\/li>\n<\/ul>\n<p><span style=\"font-weight: 400;\">7.6 Mittevastavuse ja\/v\u00f5i defekti avastamise puhul on Teil \u00f5igus n\u00f5uda toote v\u00e4ljavahetamist vastavalt tingimustele ja defektile, v\u00f5i tootest loobuda saates defektiga toode tagasi Looren O\u00fc-le, viimase kulul.<\/span><\/p>\n<p><span style=\"font-weight: 400;\">7.7 N\u00f5uetele mittevastava toote tagastamise korral h\u00fcvitatakse Kliendile toote eest tasutud summa koos transpordi maksumusega Kliendi poolt n\u00e4idatud pangakontole hiljemalt 14 p\u00e4eva jooksul. Ettev\u00f5tjal on \u00f5igus tasutud summade tagastamisega viivitada seni, kuni Klient on tema k\u00e4es oleva toote tagastanud v\u00f5i esitanud t\u00f5endi toote tagastamiseks \u00fcleandmise kohta postiasutusele.<\/span><\/p>\n<p><span style=\"font-weight: 400;\">7.8 Ettev\u00f5tja kannab esimese kuue kuu jooksul asja \u00fcleandmisest ostjale asja parandamisega v\u00f5i asja asendamisega seotud kulud, eelk\u00f5ige veo-, posti-, t\u00f6\u00f6-, reisi- ja materjalikulud. J\u00e4rgneva 1,5 aasta jooksul kannab vastavad kulud ettev\u00f5tja \u00fcksnes juhul, kui pretensioon on \u00f5igustatud. Ettev\u00f5tja ei h\u00fcvita Kliendi tehtud kulutusi toote n\u00f5uetele mittevastavuse v\u00f5i puuduste korral ega vastuta nende eest, kui:<\/span><\/p>\n<ol>\n<li><span style=\"font-weight: 400;\"> Toote v\u00e4\u00e4rtus on langenud\/toode on kahjustunud Kliendi s\u00fc\u00fcl;<\/span><\/li>\n<li><span style=\"font-weight: 400;\"> Puudused on tekkinud toote mittesihtotstarbelise kasutamise, s.h. hooldusjuhise mittej\u00e4rgimise tagaj\u00e4rjel;<\/span><\/li>\n<li><span style=\"font-weight: 400;\"> Toote v\u00e4\u00e4rtus on langenud tavap\u00e4rasel kasutamisel tekkinud loomuliku kulumise t\u00f5ttu;<\/span><\/li>\n<li><span style=\"font-weight: 400;\"> Puudub ostu sooritamist t\u00f5endav dokumendi koopia.<\/span><\/li>\n<\/ol>\n<p><span style=\"font-weight: 400;\">7.9 Juhul, kui Kliendi ja Ettev\u00f5tja vahel on tekkinud erimeelsused toote puuduste osas, on Kliendil \u00f5igus p\u00f6\u00f6rduda pretensiooniga Ettev\u00f5tja poole, m\u00e4rkides kirjalikus v\u00f5i kirjalikku taasesitamist v\u00f5imaldavas vormis (e-kiri) esitatud kaebuses \u00e4ra oma nimi ja kontaktandmed, kaebuse esitamise kuup\u00e4ev, tootel esinev puudus ning omapoolne soovitav lahendus. Ettev\u00f5tja vastab Kliendi kaebusele kirjalikus v\u00f5i kirjalikku taasesitamist v\u00f5imaldavas vormis (e-kiri) 15 p\u00e4eva jooksul.\u00a0<\/span><\/p>\n<p><span style=\"font-weight: 400;\">7.10 Juhul, kui Klient ja Ettev\u00f5tja ei saavuta vaidluse osas kokkulepet, on Kliendil \u00f5igus p\u00f6\u00f6rduda vaidluse kohtuv\u00e4liseks lahendamiseks Eestis tarbijakaitseameti juures tegutseva tarbijavaidluste komisjoni poole. Menetlustingimustega saab tutvuda ja avaldust esitada <\/span><a href=\"http:\/\/www.komisjon.ee\/\"><b>siin<\/b><\/a><b> (<\/b><a href=\"https:\/\/www.tarbijakaitseamet.ee\/et\/tarbijavaidluste-komisjon\"><span style=\"font-weight: 400;\">https:\/\/www.tarbijakaitseamet.ee\/et\/tarbijavaidluste-komisjon<\/span><\/a><b>)<\/b><span style=\"font-weight: 400;\">.\u00a0<\/span><\/p>\n<p><span style=\"font-weight: 400;\">Tarbijavaidluste komisjoni p\u00e4devuses on lahendada Kliendi ja Ettev\u00f5tja vahel s\u00f5lmitud lepingust tulenevaid vaidlusi. Kliendi kaebuse l\u00e4bivaatamine komisjonis on tasuta. Vaidluste lahendamisel Eestis tarbijakaitseameti juures l\u00e4htutakse Eesti Vabariigi seadustest. Ostja v\u00f5ib p\u00f6\u00f6rduda Euroopa Liidu tarbijavaidlusi lahendava platvormi <\/span><a href=\"http:\/\/ec.europa.eu\/odr\"><b>poole<\/b><\/a><span style=\"font-weight: 400;\">. (<\/span><a href=\"https:\/\/ec.europa.eu\/consumers\/odr\/main\/index.cfm\"><span style=\"font-weight: 400;\">https:\/\/ec.europa.eu\/consumers\/odr\/main\/index.cfm<\/span><\/a><span style=\"font-weight: 400;\">)\u00a0<\/span><\/p>\n<p><span style=\"font-weight: 400;\">7.11 Komisjoni otsusega mitten\u00f5ustumisel on pooltel \u00f5igus p\u00f6\u00f6rduda Ettev\u00f5tja asukohaj\u00e4rgsesse maakohtusse.<\/span><\/p>\n<ol start=\"8\">\n<li><b> Otseturustus ja isikuandmete t\u00f6\u00f6tlemine<\/b><\/li>\n<\/ol>\n<p><span style=\"font-weight: 400;\">8.1 Meie e-poes ostlemine on turvaline. Teie isikuandmeid kasutatakse ainult tellimuste t\u00e4itmiseks ning muudeks tellimustega seotud asjaoludeks ning neid ei jagata kolmandatele osapooltele.<\/span><\/p>\n<p><span style=\"font-weight: 400;\">8.2 Veebipood edastab isikuandmeid veoteenust pakkuvale ettev\u00f5tetele selleks, et kohale toimetada kaupa.<\/span><\/p>\n<p><span style=\"font-weight: 400;\">8.3 K\u00f5iki kliendi isikuandmeid, mis on saadud l\u00e4bi LOOREN O\u00dc e-poe k\u00fclastuste ning ostude sooritamise, k\u00e4sitletakse konfidentsiaalsena. Kr\u00fcpteeritud andmekanalit (<\/span><span style=\"font-weight: 400;\">SSL<\/span><span style=\"font-weight: 400;\">) kasutatakse veendumaks, et pangad kasutavad isikuandmeid ning isiku panga andmeid turvaliselt. Lisaks puudub LOOREN O\u00dc-l nendele ligip\u00e4\u00e4s.<\/span><\/p>\n<p><span style=\"font-weight: 400;\">8.4 Krediitkaardi maksete puhul suunatakse Teid vastavale lehek\u00fcljele, et sooritada turvaline makse.<\/span><\/p>\n<p><span style=\"font-weight: 400;\">8.5 Veebipood saadab ostjale uudiskirju ning pakkumisi ostja e-maili aadressile ainult juhul, kui ostja on selleks avaldanud soovi sisestades veebilehel e-kirja aadressi ning andnud teada oma soovist otsepostituse teadete saamiseks.<\/span><\/p>\n<p><span style=\"font-weight: 400;\">8.6 Ostjal on igal ajal v\u00f5imalik loobuda e-postile saadetavatest pakkumistest ja\u00a0<\/span><span style=\"font-weight: 400;\">uudiskirjadest andes sellest meile teada e-kirja teel v\u00f5i j\u00e4rgides pakkumisi sisaldava e-kirjas toodud juhiseid.<\/span><\/p>\n<h4><b>9. Vaidluste lahendamine<\/b><\/h4>\n<p><span style=\"font-weight: 400;\">9.1 Kui ostjal on Veebipoe osas pretensioone, tuleb need saata e-kirja aadressile <\/span><span style=\"font-weight: 400;\">hello@loorenlabel.com<\/span><span style=\"font-weight: 400;\"> v\u00f5i helistada telefonil: +372 56505413. Kui ostja ja Veebipood ei suuda lahenda vaidlust kokkuleppe teel, siis on ostjal v\u00f5imalik p\u00f6\u00f6rduda Tarbijavaidluste komisjoni poole. Menetlustingimustega saab tutvuda ning avaldust esitada siin (https:\/\/komisjon.ee\/et\/avalduse-esitamine). Tarbijavaidluste komisjoni p\u00e4devuses on lahendada ostja ja Veebipoe vahel s\u00f5lmitud lepingust tulenevaid vaidlusi. Ostja kaebuse l\u00e4bivaatamine komisjonis on tasuta.\u00a0<\/span><\/p>\n<p><span style=\"font-weight: 400;\">9.2 Ostja v\u00f5ib p\u00f6\u00f6rduda Euroopa Liidu tarbijavaidlusi lahendava platvormi poole.<\/span><\/p>\n<ol start=\"10\">\n<li><b> Klienditugi<\/b><\/li>\n<\/ol>\n<p><span style=\"font-weight: 400;\">Klienditoe telefon on +372 56505413, millele v\u00f5ib helistada t\u00f6\u00f6p\u00e4evadel E-R (9:00-17:00), v\u00f5i kirjutada kiri aadressile hello@loorenlabel.com<\/span><\/p>\n\t\t<\/div>\n\n\t\t\n<style>\n#section_1914940937 {\n  padding-top: 30px;\n  padding-bottom: 30px;\n}\n#section_1914940937 .ux-shape-divider--top svg {\n  height: 150px;\n  --divider-top-width: 100%;\n}\n#section_1914940937 .ux-shape-divider--bottom svg {\n  height: 150px;\n  --divider-width: 100%;\n}\n<\/style>\n\t<\/section>\n\t\n","protected":false},"excerpt":{"rendered":"","protected":false},"author":1,"featured_media":0,"parent":0,"menu_order":0,"comment_status":"closed","ping_status":"closed","template":"","meta":{"footnotes":""},"class_list":["post-1499","page","type-page","status-publish","hentry"],"acf":[],"_links":{"self":[{"href":"https:\/\/loorenlabel.com\/en\/wp-json\/wp\/v2\/pages\/1499","targetHints":{"allow":["GET"]}}],"collection":[{"href":"https:\/\/loorenlabel.com\/en\/wp-json\/wp\/v2\/pages"}],"about":[{"href":"https:\/\/loorenlabel.com\/en\/wp-json\/wp\/v2\/types\/page"}],"author":[{"embeddable":true,"href":"https:\/\/loorenlabel.com\/en\/wp-json\/wp\/v2\/users\/1"}],"replies":[{"embeddable":true,"href":"https:\/\/loorenlabel.com\/en\/wp-json\/wp\/v2\/comments?post=1499"}],"version-history":[{"count":2,"href":"https:\/\/loorenlabel.com\/en\/wp-json\/wp\/v2\/pages\/1499\/revisions"}],"predecessor-version":[{"id":1501,"href":"https:\/\/loorenlabel.com\/en\/wp-json\/wp\/v2\/pages\/1499\/revisions\/1501"}],"wp:attachment":[{"href":"https:\/\/loorenlabel.com\/en\/wp-json\/wp\/v2\/media?parent=1499"}],"curies":[{"name":"wp","href":"https:\/\/api.w.org\/{rel}","templated":true}]}}